{"id":484,"date":"2017-03-03T15:23:57","date_gmt":"2017-03-03T15:23:57","guid":{"rendered":"http:\/\/gilproclean.com\/?page_id=484"},"modified":"2017-03-03T15:23:57","modified_gmt":"2017-03-03T15:23:57","slug":"appointments","status":"publish","type":"page","link":"https:\/\/gilproclean.com\/pt\/appointments\/","title":{"rendered":"Appointments"},"content":{"rendered":"<div class=\"booked-calendar-shortcode-wrap\"><div class=\"booked-calendar-wrap large\"><div class=\"booked-calendar\" data-calendar-date=\"2026-04-01\">\n\t\t<div class=\"bc-head\">\n\n\t\t\t\n\t\t\t<div class=\"bc-row top\">\n\t\t\t\t<div class=\"bc-col\">\n\t\t\t\t\t\t\t\t\t\t<span class=\"calendarSavingState\">\n\t\t\t\t\t\t<i class=\"fa-solid fa-circle-notch fa-spin\"><\/i>\n\t\t\t\t\t<\/span>\n\t\t\t\t\t<span class=\"monthName\">\n\t\t\t\t\t\tabril 2026\t\t\t\t\t\t\t\t\t\t\t<\/span>\n\t\t\t\t\t<a href=\"#\" data-goto=\"2026-05-01\" class=\"page-right\"><i class=\"fa-solid fa-arrow-right\"><\/i><\/a>\t\t\t\t<\/div>\n\t\t\t<\/div>\n\t\t\t<div class=\"bc-row days\">\n\t\t\t\t\t\t\t\t<div class=\"bc-col\">seg<\/div>\n\t\t\t\t<div class=\"bc-col\">ter<\/div>\n\t\t\t\t<div class=\"bc-col\">qua<\/div>\n\t\t\t\t<div class=\"bc-col\">qui<\/div>\n\t\t\t\t<div class=\"bc-col\">sex<\/div>\n\t\t\t\t<div class=\"bc-col\">s\u00e1b<\/div>\t\t\t\t<div class=\"bc-col\">dom<\/div>\t\t\t<\/div>\n\t\t<\/div>\n\t\t<div class=\"bc-body\"><div class=\"bc-row week\"><div data-date=\"2026-03-30\" class=\"bc-col prev-month prev-date\"><span class=\"date\"><span class=\"number\">30<\/span><\/span><\/div><div data-date=\"2026-03-31\" class=\"bc-col prev-month prev-date\"><span class=\"date\"><span class=\"number\">31<\/span><\/span><\/div><div data-date=\"2026-04-1\" class=\"bc-col prev-date\"><span class=\"date\"><span class=\"number\">1<\/span><\/span><\/div><div data-date=\"2026-04-2\" class=\"bc-col prev-date\"><span class=\"date\"><span class=\"number\">2<\/span><\/span><\/div><div data-date=\"2026-04-3\" class=\"bc-col prev-date\"><span class=\"date\"><span class=\"number\">3<\/span><\/span><\/div><div data-date=\"2026-04-4\" class=\"bc-col prev-date\"><span class=\"date\"><span class=\"number\">4<\/span><\/span><\/div><div data-date=\"2026-04-5\" class=\"bc-col prev-date\"><span class=\"date\"><span class=\"number\">5<\/span><\/span><\/div><\/div><div class=\"bc-row week\"><div data-date=\"2026-04-6\" class=\"bc-col prev-date\"><span class=\"date\"><span class=\"number\">6<\/span><\/span><\/div><div data-date=\"2026-04-7\" class=\"bc-col prev-date\"><span class=\"date\"><span class=\"number\">7<\/span><\/span><\/div><div data-date=\"2026-04-8\" class=\"bc-col prev-date\"><span class=\"date\"><span class=\"number\">8<\/span><\/span><\/div><div data-date=\"2026-04-9\" class=\"bc-col prev-date\"><span class=\"date\"><span class=\"number\">9<\/span><\/span><\/div><div data-date=\"2026-04-10\" class=\"bc-col prev-date\"><span class=\"date\"><span class=\"number\">10<\/span><\/span><\/div><div data-date=\"2026-04-11\" class=\"bc-col prev-date\"><span class=\"date\"><span class=\"number\">11<\/span><\/span><\/div><div data-date=\"2026-04-12\" class=\"bc-col prev-date\"><span class=\"date\"><span class=\"number\">12<\/span><\/span><\/div><\/div><div class=\"bc-row week\"><div data-date=\"2026-04-13\" class=\"bc-col prev-date\"><span class=\"date\"><span class=\"number\">13<\/span><\/span><\/div><div data-date=\"2026-04-14\" class=\"bc-col prev-date\"><span class=\"date\"><span class=\"number\">14<\/span><\/span><\/div><div data-date=\"2026-04-15\" class=\"bc-col prev-date\"><span class=\"date\"><span class=\"number\">15<\/span><\/span><\/div><div data-date=\"2026-04-16\" class=\"bc-col prev-date\"><span class=\"date\"><span class=\"number\">16<\/span><\/span><\/div><div data-date=\"2026-04-17\" class=\"bc-col prev-date\"><span class=\"date\"><span class=\"number\">17<\/span><\/span><\/div><div data-date=\"2026-04-18\" class=\"bc-col prev-date\"><span class=\"date\"><span class=\"number\">18<\/span><\/span><\/div><div data-date=\"2026-04-19\" class=\"bc-col prev-date\"><span class=\"date\"><span class=\"number\">19<\/span><\/span><\/div><\/div><div class=\"bc-row week\"><div data-date=\"2026-04-20\" class=\"bc-col prev-date\"><span class=\"date\"><span class=\"number\">20<\/span><\/span><\/div><div data-date=\"2026-04-21\" class=\"bc-col prev-date\"><span class=\"date\"><span class=\"number\">21<\/span><\/span><\/div><div data-date=\"2026-04-22\" class=\"bc-col prev-date\"><span class=\"date\"><span class=\"number\">22<\/span><\/span><\/div><div data-date=\"2026-04-23\" class=\"bc-col prev-date\"><span class=\"date\"><span class=\"number\">23<\/span><\/span><\/div><div data-date=\"2026-04-24\" class=\"bc-col prev-date\"><span class=\"date\"><span class=\"number\">24<\/span><\/span><\/div><div data-date=\"2026-04-25\" class=\"bc-col prev-date\"><span class=\"date\"><span class=\"number\">25<\/span><\/span><\/div><div data-date=\"2026-04-26\" class=\"bc-col prev-date\"><span class=\"date\"><span class=\"number\">26<\/span><\/span><\/div><\/div><div class=\"bc-row week\"><div data-date=\"2026-04-27\" class=\"bc-col prev-date\"><span class=\"date\"><span class=\"number\">27<\/span><\/span><\/div><div data-date=\"2026-04-28\" class=\"bc-col prev-date\"><span class=\"date\"><span class=\"number\">28<\/span><\/span><\/div><div data-date=\"2026-04-29\" class=\"bc-col today prev-date\"><span class=\"date\"><span class=\"number\">29<\/span><\/span><\/div><div data-date=\"2026-04-30\" class=\"bc-col\"><span class=\"date tooltipster\" title=\"32 Available\"><span class=\"number\">30<\/span><\/span><\/div><div data-date=\"2026-05-1\" class=\"bc-col next-month\"><span class=\"date tooltipster\" title=\"32 Available\"><span class=\"number\">1<\/span><\/span><\/div><div data-date=\"2026-05-2\" class=\"bc-col next-month prev-date\"><span class=\"date\"><span class=\"number\">2<\/span><\/span><\/div><div data-date=\"2026-05-3\" class=\"bc-col next-month prev-date\"><span class=\"date\"><span class=\"number\">3<\/span><\/span><\/div><\/div>\t\t<\/div>\n\t<\/div><\/div><\/div>","protected":false},"excerpt":{"rendered":"abril 2026 seg ter qua qui sex s\u00e1b dom 3031123456789101112131415161718192021222324252627282930123","protected":false},"author":1,"featured_media":0,"parent":0,"menu_order":0,"comment_status":"closed","ping_status":"closed","template":"","meta":{"om_disable_all_campaigns":false,"_monsterinsights_skip_tracking":false,"_monsterinsights_sitenote_active":false,"_monsterinsights_sitenote_note":"","_monsterinsights_sitenote_category":0,"footnotes":""},"class_list":["post-484","page","type-page","status-publish","hentry"],"yoast_head":"<!-- This site is optimized with the Yoast SEO plugin v26.8 - https:\/\/yoast.com\/product\/yoast-seo-wordpress\/ -->\n<title>Appointments - Best Cleaning Services - Toronto GTA Carpet Sofas Mattress Upholstery Tile &amp; Grout<\/title>\n<meta name=\"robots\" content=\"index, follow, max-snippet:-1, max-image-preview:large, max-video-preview:-1\" \/>\n<link rel=\"canonical\" href=\"https:\/\/gilproclean.com\/pt\/appointments\/\" \/>\n<meta property=\"og:locale\" content=\"pt_BR\" \/>\n<meta property=\"og:type\" content=\"article\" \/>\n<meta property=\"og:title\" content=\"Appointments - Best Cleaning Services - Toronto GTA Carpet Sofas Mattress Upholstery Tile &amp; Grout\" \/>\n<meta property=\"og:url\" content=\"https:\/\/gilproclean.com\/pt\/appointments\/\" \/>\n<meta property=\"og:site_name\" content=\"Best Cleaning Services - Toronto GTA Carpet Sofas Mattress Upholstery Tile &amp; Grout\" \/>\n<meta property=\"article:publisher\" content=\"https:\/\/www.facebook.com\/gilproclean\" \/>\n<meta name=\"twitter:card\" content=\"summary_large_image\" \/>\n<script type=\"application\/ld+json\" class=\"yoast-schema-graph\">{\"@context\":\"https:\/\/schema.org\",\"@graph\":[{\"@type\":\"WebPage\",\"@id\":\"https:\/\/gilproclean.com\/appointments\/\",\"url\":\"https:\/\/gilproclean.com\/appointments\/\",\"name\":\"Appointments - Best Cleaning Services - Toronto GTA Carpet Sofas Mattress Upholstery Tile &amp; Grout\",\"isPartOf\":{\"@id\":\"https:\/\/gilproclean.com\/#website\"},\"datePublished\":\"2017-03-03T15:23:57+00:00\",\"breadcrumb\":{\"@id\":\"https:\/\/gilproclean.com\/appointments\/#breadcrumb\"},\"inLanguage\":\"pt-BR\",\"potentialAction\":[{\"@type\":\"ReadAction\",\"target\":[\"https:\/\/gilproclean.com\/appointments\/\"]}]},{\"@type\":\"BreadcrumbList\",\"@id\":\"https:\/\/gilproclean.com\/appointments\/#breadcrumb\",\"itemListElement\":[{\"@type\":\"ListItem\",\"position\":1,\"name\":\"Home\",\"item\":\"https:\/\/gilproclean.com\/\"},{\"@type\":\"ListItem\",\"position\":2,\"name\":\"Appointments\"}]},{\"@type\":\"WebSite\",\"@id\":\"https:\/\/gilproclean.com\/#website\",\"url\":\"https:\/\/gilproclean.com\/\",\"name\":\"Toronto Cleaning Services - Carpet Sofas Mattress Upholstery Tile Grout\",\"description\":\"Best Cleaning Services - Toronto GTA Carpet Sofas Mattress Upholstery Tile &amp; Grout\",\"publisher\":{\"@id\":\"https:\/\/gilproclean.com\/#organization\"},\"potentialAction\":[{\"@type\":\"SearchAction\",\"target\":{\"@type\":\"EntryPoint\",\"urlTemplate\":\"https:\/\/gilproclean.com\/?s={search_term_string}\"},\"query-input\":{\"@type\":\"PropertyValueSpecification\",\"valueRequired\":true,\"valueName\":\"search_term_string\"}}],\"inLanguage\":\"pt-BR\"},{\"@type\":\"Organization\",\"@id\":\"https:\/\/gilproclean.com\/#organization\",\"name\":\"Toronto Cleaning Services - Carpet Sofas Mattress Upholstery Tile Grout\",\"url\":\"https:\/\/gilproclean.com\/\",\"logo\":{\"@type\":\"ImageObject\",\"inLanguage\":\"pt-BR\",\"@id\":\"https:\/\/gilproclean.com\/#\/schema\/logo\/image\/\",\"url\":\"https:\/\/gilproclean.com\/wp-content\/uploads\/2022\/11\/GilProCleanLogo.png\",\"contentUrl\":\"https:\/\/gilproclean.com\/wp-content\/uploads\/2022\/11\/GilProCleanLogo.png\",\"width\":512,\"height\":512,\"caption\":\"Toronto Cleaning Services - Carpet Sofas Mattress Upholstery Tile Grout\"},\"image\":{\"@id\":\"https:\/\/gilproclean.com\/#\/schema\/logo\/image\/\"},\"sameAs\":[\"https:\/\/www.facebook.com\/gilproclean\",\"https:\/\/www.instagram.com\/gilproclean\/\",\"https:\/\/www.youtube.com\/channel\/UCdLh5pCfFoDxC85x_xOVNdw\"]}]}<\/script>\n<!-- \/ Yoast SEO plugin. -->","yoast_head_json":{"title":"Appointments - Best Cleaning Services - Toronto GTA Carpet Sofas Mattress Upholstery Tile &amp; Grout","robots":{"index":"index","follow":"follow","max-snippet":"max-snippet:-1","max-image-preview":"max-image-preview:large","max-video-preview":"max-video-preview:-1"},"canonical":"https:\/\/gilproclean.com\/pt\/appointments\/","og_locale":"pt_BR","og_type":"article","og_title":"Appointments - Best Cleaning Services - Toronto GTA Carpet Sofas Mattress Upholstery Tile &amp; Grout","og_url":"https:\/\/gilproclean.com\/pt\/appointments\/","og_site_name":"Best Cleaning Services - Toronto GTA Carpet Sofas Mattress Upholstery Tile &amp; Grout","article_publisher":"https:\/\/www.facebook.com\/gilproclean","twitter_card":"summary_large_image","schema":{"@context":"https:\/\/schema.org","@graph":[{"@type":"WebPage","@id":"https:\/\/gilproclean.com\/appointments\/","url":"https:\/\/gilproclean.com\/appointments\/","name":"Appointments - Best Cleaning Services - Toronto GTA Carpet Sofas Mattress Upholstery Tile &amp; Grout","isPartOf":{"@id":"https:\/\/gilproclean.com\/#website"},"datePublished":"2017-03-03T15:23:57+00:00","breadcrumb":{"@id":"https:\/\/gilproclean.com\/appointments\/#breadcrumb"},"inLanguage":"pt-BR","potentialAction":[{"@type":"ReadAction","target":["https:\/\/gilproclean.com\/appointments\/"]}]},{"@type":"BreadcrumbList","@id":"https:\/\/gilproclean.com\/appointments\/#breadcrumb","itemListElement":[{"@type":"ListItem","position":1,"name":"Home","item":"https:\/\/gilproclean.com\/"},{"@type":"ListItem","position":2,"name":"Appointments"}]},{"@type":"WebSite","@id":"https:\/\/gilproclean.com\/#website","url":"https:\/\/gilproclean.com\/","name":"Toronto Cleaning Services - Carpet Sofas Mattress Upholstery Tile Grout","description":"Melhor Servi\u00e7os de Limpeza - Toronto GTA Tapete Sof\u00e1s Colch\u00e3o Estofamento Ladrilho e Argamassa","publisher":{"@id":"https:\/\/gilproclean.com\/#organization"},"potentialAction":[{"@type":"SearchAction","target":{"@type":"EntryPoint","urlTemplate":"https:\/\/gilproclean.com\/?s={search_term_string}"},"query-input":{"@type":"PropertyValueSpecification","valueRequired":true,"valueName":"search_term_string"}}],"inLanguage":"pt-BR"},{"@type":"Organization","@id":"https:\/\/gilproclean.com\/#organization","name":"Toronto Cleaning Services - Carpet Sofas Mattress Upholstery Tile Grout","url":"https:\/\/gilproclean.com\/","logo":{"@type":"ImageObject","inLanguage":"pt-BR","@id":"https:\/\/gilproclean.com\/#\/schema\/logo\/image\/","url":"https:\/\/gilproclean.com\/wp-content\/uploads\/2022\/11\/GilProCleanLogo.png","contentUrl":"https:\/\/gilproclean.com\/wp-content\/uploads\/2022\/11\/GilProCleanLogo.png","width":512,"height":512,"caption":"Toronto Cleaning Services - Carpet Sofas Mattress Upholstery Tile Grout"},"image":{"@id":"https:\/\/gilproclean.com\/#\/schema\/logo\/image\/"},"sameAs":["https:\/\/www.facebook.com\/gilproclean","https:\/\/www.instagram.com\/gilproclean\/","https:\/\/www.youtube.com\/channel\/UCdLh5pCfFoDxC85x_xOVNdw"]}]}},"_links":{"self":[{"href":"https:\/\/gilproclean.com\/pt\/wp-json\/wp\/v2\/pages\/484","targetHints":{"allow":["GET"]}}],"collection":[{"href":"https:\/\/gilproclean.com\/pt\/wp-json\/wp\/v2\/pages"}],"about":[{"href":"https:\/\/gilproclean.com\/pt\/wp-json\/wp\/v2\/types\/page"}],"author":[{"embeddable":true,"href":"https:\/\/gilproclean.com\/pt\/wp-json\/wp\/v2\/users\/1"}],"replies":[{"embeddable":true,"href":"https:\/\/gilproclean.com\/pt\/wp-json\/wp\/v2\/comments?post=484"}],"version-history":[{"count":0,"href":"https:\/\/gilproclean.com\/pt\/wp-json\/wp\/v2\/pages\/484\/revisions"}],"wp:attachment":[{"href":"https:\/\/gilproclean.com\/pt\/wp-json\/wp\/v2\/media?parent=484"}],"curies":[{"name":"wp","href":"https:\/\/api.w.org\/{rel}","templated":true}]}}