{"id":511,"date":"2018-12-17T09:34:47","date_gmt":"2018-12-17T09:34:47","guid":{"rendered":"http:\/\/gilproclean.com\/?page_id=511"},"modified":"2022-08-24T07:59:11","modified_gmt":"2022-08-24T07:59:11","slug":"service-plus","status":"publish","type":"page","link":"https:\/\/gilproclean.com\/pt\/service-plus\/","title":{"rendered":"Service Plus"},"content":{"rendered":"<div class=\"vc_row wpb_row vc_row-fluid\"><div class=\"wpb_column vc_column_container vc_col-sm-12 sc_layouts_column_icons_position_left\"><div class=\"vc_column-inner\"><div class=\"wpb_wrapper\">\n\t<div class=\"wpb_text_column wpb_content_element\" >\n\t\t<div class=\"wpb_wrapper\">\n\t\t\t<h2>Dear Customers,<\/h2>\n<p><big>Our primary goal is developing a secure and customizable theme framework that meets the needs of the end user. Therefore, our customers are able to create websites using our templates as easy as 1-2-3! This process requires minimum knowledge of WordPress and coding, and extended documentation and our Support Team is always at your service. However, we ask you to keep in mind that sometimes issues occur not because of templates malfunction. There might be situations when it doesn&#8217;t depend on us and the framework. For example, server settings, some extra functional that requires deep file customization, or additional plugins usage. And of course, an attempt to build a website in a very short time.<\/big><\/p>\n<p><big>We know our theme framework perfectly and have a highly-professional team of developers. They will help you to develop the website you need. If you need website customization, contact us for further information: <a href=\"https:\/\/themerex.net\/support\/\">https:\/\/themerex.net\/support\/<\/a><\/big><\/p>\n\n\t\t<\/div>\n\t<\/div>\n<div class=\"vc_separator wpb_content_element vc_separator_align_center vc_sep_width_100 vc_sep_dashed vc_sep_pos_align_center vc_separator_no_text vc_sep_color_grey\" ><span class=\"vc_sep_holder vc_sep_holder_l\"><span  class=\"vc_sep_line\"><\/span><\/span><span class=\"vc_sep_holder vc_sep_holder_r\"><span  class=\"vc_sep_line\"><\/span><\/span>\n<\/div><\/div><\/div><\/div><\/div><div class=\"vc_row wpb_row vc_row-fluid\"><div class=\"wpb_column vc_column_container vc_col-sm-12 sc_layouts_column_icons_position_left\"><div class=\"vc_column-inner\"><div class=\"wpb_wrapper\"><div id=\"sc_title_127912106\"\r\n\t\tclass=\"sc_title sc_title_default\"><h6 class=\"sc_item_subtitle sc_title_subtitle sc_align_center sc_item_title_style_default\">Customization<\/h6><h3 class=\"sc_item_title sc_title_title sc_align_center sc_item_title_style_default\">Packages<\/h3><\/div><!-- \/.sc_title --><div class=\"vc_empty_space  height_medium\"   style=\"height: 0px\"><span class=\"vc_empty_space_inner\"><\/span><\/div><\/div><\/div><\/div><\/div><div class=\"vc_row wpb_row vc_row-fluid\"><div class=\"wpb_column vc_column_container vc_col-sm-12 sc_layouts_column_icons_position_left\"><div class=\"vc_column-inner\"><div class=\"wpb_wrapper\">\n\t<div class=\"wpb_text_column wpb_content_element\" >\n\t\t<div class=\"wpb_wrapper\">\n\t\t\t<p><\/p>\n\n\t\t<\/div>\n\t<\/div>\n<\/div><\/div><\/div><\/div><div class=\"vc_row wpb_row vc_row-fluid\"><div class=\"wpb_column vc_column_container vc_col-sm-4 sc_layouts_column_icons_position_left\"><div class=\"vc_column-inner\"><div class=\"wpb_wrapper\"><div  id=\"sc_price_1092273477\" \n\tclass=\"sc_price sc_price_default\"><div class=\"sc_price_info\"><div class=\"sc_price_price\"><span class=\"sc_price_value\">$45<\/span><\/div><div class=\"sc_price_subtitle\">Regular<\/div><div class=\"sc_price_title\"><a href=\"https:\/\/themerex.net\/downloads\/theme-installation\/?utm_source=demosplus&#038;utm_medium=demosplus&#038;utm_campaign=demosplus\" target=\"_blank\">Installation + Logo change<\/a><\/div><\/div>\n    <div class=\"sc_price_content\">\n        <div class=\"sc_price_details\">\n\t<div class=\"wpb_text_column wpb_content_element\" >\n\t\t<div class=\"wpb_wrapper\">\n\t\t\t<ul class=\"trx_addons_list trx_addons_list_dot\" style=\"text-align: left;\">\n<li style=\"font-weight: 400;\" aria-level=\"1\"><span style=\"font-weight: 400;\">The template will be installed on your server exactly as the demo looks like. You will get access to the admin panel, so you can manage your website<\/span><\/li>\n<li style=\"font-weight: 400;\" aria-level=\"1\"><span style=\"font-weight: 400;\">We will replace the template\u2019s logo with yours on each page of the template. The logo has to be\u00a0 in good quality in .PSD, .EPS, .PNG, .JPG format. Logo width should be 300px and 600px<\/span><\/li>\n<\/ul>\n\n\t\t<\/div>\n\t<\/div>\n<\/div><a href=\"https:\/\/themerex.net\/downloads\/theme-installation\/?utm_source=demosplus&#038;utm_medium=demosplus&#038;utm_campaign=demosplus\" target=\"_blank\" class=\"sc_price_link\">Grab this deal<\/a>    <\/div>\n<\/div><\/div><\/div><\/div><div class=\"wpb_column vc_column_container vc_col-sm-4 sc_layouts_column_icons_position_left\"><div class=\"vc_column-inner\"><div class=\"wpb_wrapper\"><div  id=\"sc_price_499017190\" \n\tclass=\"sc_price sc_price_default popular\"><div class=\"sc_price_info\"><div class=\"sc_price_price\"><span class=\"sc_price_value\">$395<\/span><\/div><div class=\"sc_price_subtitle\">Silver<\/div><div class=\"sc_price_title\"><a href=\"https:\/\/themerex.net\/downloads\/ready-use-website\/?utm_source=demosplus&#038;utm_medium=demosplus&#038;utm_campaign=demosplus\" target=\"_blank\">Ready-to-use Website<\/a><\/div><\/div>\n    <div class=\"sc_price_content\">\n        <div class=\"sc_price_details\">\n\t<div class=\"wpb_text_column wpb_content_element\" >\n\t\t<div class=\"wpb_wrapper\">\n\t\t\t<ul class=\"trx_addons_list trx_addons_list_dot\" style=\"text-align: left;\">\n<li style=\"font-weight: 400;\" aria-level=\"1\"><span style=\"font-weight: 400;\">Theme installation on you server with your logo<\/span><\/li>\n<li style=\"font-weight: 400;\" aria-level=\"1\"><span style=\"font-weight: 400;\">Google map with your address set<\/span><\/li>\n<li style=\"font-weight: 400;\" aria-level=\"1\"><span style=\"font-weight: 400;\">Content and images replacement up to 6 pages (without layout change)<\/span><\/li>\n<li style=\"font-weight: 400;\" aria-level=\"1\"><span style=\"font-weight: 400;\">Removing elements that you do not need on your website<\/span><\/li>\n<li style=\"font-weight: 400;\" aria-level=\"1\"><span style=\"font-weight: 400;\">Social icons set (without changing theme layout)<\/span><\/li>\n<li style=\"font-weight: 400;\" aria-level=\"1\"><span style=\"font-weight: 400;\">Color scheme replacement<\/span><\/li>\n<\/ul>\n\n\t\t<\/div>\n\t<\/div>\n<\/div><a href=\"https:\/\/themerex.net\/downloads\/ready-use-website\/?utm_source=demosplus&#038;utm_medium=demosplus&#038;utm_campaign=demosplus\" target=\"_blank\" class=\"sc_price_link\">Grab this deal<\/a>    <\/div>\n<\/div><\/div><\/div><\/div><div class=\"wpb_column vc_column_container vc_col-sm-4 sc_layouts_column_icons_position_left\"><div class=\"vc_column-inner\"><div class=\"wpb_wrapper\"><div  id=\"sc_price_1529538677\" \n\tclass=\"sc_price sc_price_default\"><div class=\"sc_price_info\"><div class=\"sc_price_price\"><span class=\"sc_price_value\">$699<\/span><\/div><div class=\"sc_price_subtitle\">Gold<\/div><div class=\"sc_price_title\"><a href=\"https:\/\/themerex.net\/downloads\/full-website-package\/?utm_source=demosplus&#038;utm_medium=demosplus&#038;utm_campaign=demosplus\" target=\"_blank\">Full Website Package<\/a><\/div><\/div>\n    <div class=\"sc_price_content\">\n        <div class=\"sc_price_details\">\n\t<div class=\"wpb_text_column wpb_content_element\" >\n\t\t<div class=\"wpb_wrapper\">\n\t\t\t<ul class=\"trx_addons_list trx_addons_list_dot\" style=\"text-align: left;\">\n<li style=\"font-weight: 400;\" aria-level=\"1\"><span style=\"font-weight: 400;\">WordPress and theme installation<\/span><\/li>\n<li style=\"font-weight: 400;\" aria-level=\"1\"><span style=\"font-weight: 400;\">Customization of website branding<\/span><\/li>\n<li style=\"font-weight: 400;\" aria-level=\"1\"><span style=\"font-weight: 400;\">Color scheme replacement<\/span><\/li>\n<li style=\"font-weight: 400;\" aria-level=\"1\"><span style=\"font-weight: 400;\">Content setup (adding 6 pages, 6 posts, Revolution sliders)<\/span><\/li>\n<li style=\"font-weight: 400;\" aria-level=\"1\"><span style=\"font-weight: 400;\">SEO Essentials<\/span><\/li>\n<li style=\"font-weight: 400;\" aria-level=\"1\"><span style=\"font-weight: 400;\">Website speed optimization<\/span><\/li>\n<\/ul>\n\n\t\t<\/div>\n\t<\/div>\n<\/div><a href=\"https:\/\/themerex.net\/downloads\/full-website-package\/?utm_source=demosplus&#038;utm_medium=demosplus&#038;utm_campaign=demosplus\" target=\"_blank\" class=\"sc_price_link\">Grab this deal<\/a>    <\/div>\n<\/div><\/div><\/div><\/div><\/div>","protected":false},"excerpt":{"rendered":"Dear Customers, Our primary goal is developing a secure and customizable theme framework that meets the needs of the end user. Therefore, our customers are able to create websites using our templates as easy as 1-2-3! This process requires minimum knowledge of WordPress and coding, and extended documentation and our Support Team is always at your service. However, we ask&hellip;","protected":false},"author":1,"featured_media":0,"parent":0,"menu_order":0,"comment_status":"closed","ping_status":"closed","template":"","meta":{"om_disable_all_campaigns":false,"_monsterinsights_skip_tracking":false,"_monsterinsights_sitenote_active":false,"_monsterinsights_sitenote_note":"","_monsterinsights_sitenote_category":0,"footnotes":""},"class_list":["post-511","page","type-page","status-publish","hentry"],"yoast_head":"<!-- This site is optimized with the Yoast SEO plugin v26.8 - https:\/\/yoast.com\/product\/yoast-seo-wordpress\/ -->\n<title>Service Plus - Best Cleaning Services - Toronto GTA Carpet Sofas Mattress Upholstery Tile &amp; Grout<\/title>\n<meta name=\"robots\" content=\"index, follow, max-snippet:-1, max-image-preview:large, max-video-preview:-1\" \/>\n<link rel=\"canonical\" href=\"https:\/\/gilproclean.com\/pt\/service-plus\/\" \/>\n<meta property=\"og:locale\" content=\"pt_BR\" \/>\n<meta property=\"og:type\" content=\"article\" \/>\n<meta property=\"og:title\" content=\"Service Plus - Best Cleaning Services - Toronto GTA Carpet Sofas Mattress Upholstery Tile &amp; Grout\" \/>\n<meta property=\"og:url\" content=\"https:\/\/gilproclean.com\/pt\/service-plus\/\" \/>\n<meta property=\"og:site_name\" content=\"Best Cleaning Services - Toronto GTA Carpet Sofas Mattress Upholstery Tile &amp; Grout\" \/>\n<meta property=\"article:publisher\" content=\"https:\/\/www.facebook.com\/gilproclean\" \/>\n<meta property=\"article:modified_time\" content=\"2022-08-24T07:59:11+00:00\" \/>\n<meta name=\"twitter:card\" content=\"summary_large_image\" \/>\n<meta name=\"twitter:label1\" content=\"Est. tempo de leitura\" \/>\n\t<meta name=\"twitter:data1\" content=\"3 minutos\" \/>\n<script type=\"application\/ld+json\" class=\"yoast-schema-graph\">{\"@context\":\"https:\/\/schema.org\",\"@graph\":[{\"@type\":\"WebPage\",\"@id\":\"https:\/\/gilproclean.com\/service-plus\/\",\"url\":\"https:\/\/gilproclean.com\/service-plus\/\",\"name\":\"Service Plus - Best Cleaning Services - Toronto GTA Carpet Sofas Mattress Upholstery Tile &amp; Grout\",\"isPartOf\":{\"@id\":\"https:\/\/gilproclean.com\/#website\"},\"datePublished\":\"2018-12-17T09:34:47+00:00\",\"dateModified\":\"2022-08-24T07:59:11+00:00\",\"breadcrumb\":{\"@id\":\"https:\/\/gilproclean.com\/service-plus\/#breadcrumb\"},\"inLanguage\":\"pt-BR\",\"potentialAction\":[{\"@type\":\"ReadAction\",\"target\":[\"https:\/\/gilproclean.com\/service-plus\/\"]}]},{\"@type\":\"BreadcrumbList\",\"@id\":\"https:\/\/gilproclean.com\/service-plus\/#breadcrumb\",\"itemListElement\":[{\"@type\":\"ListItem\",\"position\":1,\"name\":\"Home\",\"item\":\"https:\/\/gilproclean.com\/\"},{\"@type\":\"ListItem\",\"position\":2,\"name\":\"Service Plus\"}]},{\"@type\":\"WebSite\",\"@id\":\"https:\/\/gilproclean.com\/#website\",\"url\":\"https:\/\/gilproclean.com\/\",\"name\":\"Toronto Cleaning Services - Carpet Sofas Mattress Upholstery Tile Grout\",\"description\":\"Best Cleaning Services - Toronto GTA Carpet Sofas Mattress Upholstery Tile &amp; Grout\",\"publisher\":{\"@id\":\"https:\/\/gilproclean.com\/#organization\"},\"potentialAction\":[{\"@type\":\"SearchAction\",\"target\":{\"@type\":\"EntryPoint\",\"urlTemplate\":\"https:\/\/gilproclean.com\/?s={search_term_string}\"},\"query-input\":{\"@type\":\"PropertyValueSpecification\",\"valueRequired\":true,\"valueName\":\"search_term_string\"}}],\"inLanguage\":\"pt-BR\"},{\"@type\":\"Organization\",\"@id\":\"https:\/\/gilproclean.com\/#organization\",\"name\":\"Toronto Cleaning Services - Carpet Sofas Mattress Upholstery Tile Grout\",\"url\":\"https:\/\/gilproclean.com\/\",\"logo\":{\"@type\":\"ImageObject\",\"inLanguage\":\"pt-BR\",\"@id\":\"https:\/\/gilproclean.com\/#\/schema\/logo\/image\/\",\"url\":\"https:\/\/gilproclean.com\/wp-content\/uploads\/2022\/11\/GilProCleanLogo.png\",\"contentUrl\":\"https:\/\/gilproclean.com\/wp-content\/uploads\/2022\/11\/GilProCleanLogo.png\",\"width\":512,\"height\":512,\"caption\":\"Toronto Cleaning Services - Carpet Sofas Mattress Upholstery Tile Grout\"},\"image\":{\"@id\":\"https:\/\/gilproclean.com\/#\/schema\/logo\/image\/\"},\"sameAs\":[\"https:\/\/www.facebook.com\/gilproclean\",\"https:\/\/www.instagram.com\/gilproclean\/\",\"https:\/\/www.youtube.com\/channel\/UCdLh5pCfFoDxC85x_xOVNdw\"]}]}<\/script>\n<!-- \/ Yoast SEO plugin. -->","yoast_head_json":{"title":"Service Plus - Best Cleaning Services - Toronto GTA Carpet Sofas Mattress Upholstery Tile &amp; Grout","robots":{"index":"index","follow":"follow","max-snippet":"max-snippet:-1","max-image-preview":"max-image-preview:large","max-video-preview":"max-video-preview:-1"},"canonical":"https:\/\/gilproclean.com\/pt\/service-plus\/","og_locale":"pt_BR","og_type":"article","og_title":"Service Plus - Best Cleaning Services - Toronto GTA Carpet Sofas Mattress Upholstery Tile &amp; Grout","og_url":"https:\/\/gilproclean.com\/pt\/service-plus\/","og_site_name":"Best Cleaning Services - Toronto GTA Carpet Sofas Mattress Upholstery Tile &amp; Grout","article_publisher":"https:\/\/www.facebook.com\/gilproclean","article_modified_time":"2022-08-24T07:59:11+00:00","twitter_card":"summary_large_image","twitter_misc":{"Est. tempo de leitura":"3 minutos"},"schema":{"@context":"https:\/\/schema.org","@graph":[{"@type":"WebPage","@id":"https:\/\/gilproclean.com\/service-plus\/","url":"https:\/\/gilproclean.com\/service-plus\/","name":"Service Plus - Best Cleaning Services - Toronto GTA Carpet Sofas Mattress Upholstery Tile &amp; Grout","isPartOf":{"@id":"https:\/\/gilproclean.com\/#website"},"datePublished":"2018-12-17T09:34:47+00:00","dateModified":"2022-08-24T07:59:11+00:00","breadcrumb":{"@id":"https:\/\/gilproclean.com\/service-plus\/#breadcrumb"},"inLanguage":"pt-BR","potentialAction":[{"@type":"ReadAction","target":["https:\/\/gilproclean.com\/service-plus\/"]}]},{"@type":"BreadcrumbList","@id":"https:\/\/gilproclean.com\/service-plus\/#breadcrumb","itemListElement":[{"@type":"ListItem","position":1,"name":"Home","item":"https:\/\/gilproclean.com\/"},{"@type":"ListItem","position":2,"name":"Service Plus"}]},{"@type":"WebSite","@id":"https:\/\/gilproclean.com\/#website","url":"https:\/\/gilproclean.com\/","name":"Toronto Cleaning Services - Carpet Sofas Mattress Upholstery Tile Grout","description":"Melhor Servi\u00e7os de Limpeza - Toronto GTA Tapete Sof\u00e1s Colch\u00e3o Estofamento Ladrilho e Argamassa","publisher":{"@id":"https:\/\/gilproclean.com\/#organization"},"potentialAction":[{"@type":"SearchAction","target":{"@type":"EntryPoint","urlTemplate":"https:\/\/gilproclean.com\/?s={search_term_string}"},"query-input":{"@type":"PropertyValueSpecification","valueRequired":true,"valueName":"search_term_string"}}],"inLanguage":"pt-BR"},{"@type":"Organization","@id":"https:\/\/gilproclean.com\/#organization","name":"Toronto Cleaning Services - Carpet Sofas Mattress Upholstery Tile Grout","url":"https:\/\/gilproclean.com\/","logo":{"@type":"ImageObject","inLanguage":"pt-BR","@id":"https:\/\/gilproclean.com\/#\/schema\/logo\/image\/","url":"https:\/\/gilproclean.com\/wp-content\/uploads\/2022\/11\/GilProCleanLogo.png","contentUrl":"https:\/\/gilproclean.com\/wp-content\/uploads\/2022\/11\/GilProCleanLogo.png","width":512,"height":512,"caption":"Toronto Cleaning Services - Carpet Sofas Mattress Upholstery Tile Grout"},"image":{"@id":"https:\/\/gilproclean.com\/#\/schema\/logo\/image\/"},"sameAs":["https:\/\/www.facebook.com\/gilproclean","https:\/\/www.instagram.com\/gilproclean\/","https:\/\/www.youtube.com\/channel\/UCdLh5pCfFoDxC85x_xOVNdw"]}]}},"_links":{"self":[{"href":"https:\/\/gilproclean.com\/pt\/wp-json\/wp\/v2\/pages\/511","targetHints":{"allow":["GET"]}}],"collection":[{"href":"https:\/\/gilproclean.com\/pt\/wp-json\/wp\/v2\/pages"}],"about":[{"href":"https:\/\/gilproclean.com\/pt\/wp-json\/wp\/v2\/types\/page"}],"author":[{"embeddable":true,"href":"https:\/\/gilproclean.com\/pt\/wp-json\/wp\/v2\/users\/1"}],"replies":[{"embeddable":true,"href":"https:\/\/gilproclean.com\/pt\/wp-json\/wp\/v2\/comments?post=511"}],"version-history":[{"count":0,"href":"https:\/\/gilproclean.com\/pt\/wp-json\/wp\/v2\/pages\/511\/revisions"}],"wp:attachment":[{"href":"https:\/\/gilproclean.com\/pt\/wp-json\/wp\/v2\/media?parent=511"}],"curies":[{"name":"wp","href":"https:\/\/api.w.org\/{rel}","templated":true}]}}