{"id":86,"date":"2017-02-06T09:28:06","date_gmt":"2017-02-06T09:28:06","guid":{"rendered":"http:\/\/gilproclean.com\/?page_id=86"},"modified":"2017-03-04T13:05:43","modified_gmt":"2017-03-04T13:05:43","slug":"about-us-style-1","status":"publish","type":"page","link":"https:\/\/gilproclean.com\/pt\/about-us-style-1\/","title":{"rendered":"About Us Style 1"},"content":{"rendered":"<div class=\"vc_row wpb_row vc_row-fluid\"><div class=\"wpb_column vc_column_container vc_col-sm-12 sc_layouts_column_icons_position_left\"><div class=\"vc_column-inner\"><div class=\"wpb_wrapper\"><div class=\"vc_empty_space  vc_custom_1488546430238 height_tiny\"   style=\"height: 32px\"><span class=\"vc_empty_space_inner\"><\/span><\/div><div id=\"sc_title_1713575784\"\r\n\t\tclass=\"sc_title sc_title_default\"><h6 class=\"sc_item_subtitle sc_title_subtitle sc_align_center sc_item_title_style_default\">Sobre<\/h6><h3 class=\"sc_item_title sc_title_title sc_align_center sc_item_title_style_default\">Our History<\/h3><div class=\"sc_item_descr sc_title_descr sc_align_center\">CarpetServ Carpet Cleaning opened 20 years ago and we are still a family-owned and operated company. We have expanded our service areas to include more cities in the US.<\/div><\/div><!-- \/.sc_title --><div class=\"vc_empty_space  height_medium\"   style=\"height: 32px\"><span class=\"vc_empty_space_inner\"><\/span><\/div><\/div><\/div><\/div><div class=\"wpb_column vc_column_container vc_col-sm-12 vc_hidden-xs sc_layouts_column_icons_position_left\"><div class=\"vc_column-inner\"><div class=\"wpb_wrapper\"><div class=\"cq-draggable-container\" data-draggingbarbgcolor=\"#36d0c4\" data-defaultbarbgcolor=\"#c2f1ed\" data-avatarstyle=\"text\" data-activeiconcolor=\"\" data-autoplay=\"yes\" data-autoplayspeed=\"\" data-labelcolor=\"#1b685f\" data-dragbuttonwidth=\"\" data-contaienrwidth=\"\"><div class=\"cq-draggable-slider\"><div class=\"cq-draggable-stripe\"><div class=\"cq-draggable-handle\"><div class=\"cq-infobox green\"><div class=\"cq-titlecontainer\"><\/div><div class=\"cq-innerbox\"><div class=\"cq-carouselcontainer\"><div class=\"cq-carouselcontent\">\n<p><span class=\"trx_addons_tiny_text\">Carpetserv company was founded<\/span><br \/>\nQuisque bibendum ipsum sed varius placerat. Sed eu ligula vestibulum, sagittis lectus ac, pellentesque mi..<\/p>\n\n<\/div><div class=\"cq-carouselcontent\">\n<p><span class=\"trx_addons_tiny_text\">Our staff increased to 50 people<\/span><br \/>\nQuisque bibendum ipsum sed varius placerat. Sed eu ligula vestibulum, sagittis lectus ac, pellentesque mi..<\/p>\n\n<\/div><div class=\"cq-carouselcontent\">\n<p><span class=\"trx_addons_tiny_text\">We upgraded all our equipment<\/span><br \/>\nQuisque bibendum ipsum sed varius placerat. Sed eu ligula vestibulum, sagittis lectus ac, pellentesque mi..<\/p>\n\n<\/div><div class=\"cq-carouselcontent\">\n<p><span class=\"trx_addons_tiny_text\">We opened the second branch office<\/span><br \/>\nQuisque bibendum ipsum sed varius placerat. Sed eu ligula vestibulum, sagittis lectus ac, pellentesque mi..<\/p>\n\n<\/div><div class=\"cq-carouselcontent\">\n<p><span class=\"trx_addons_tiny_text\">Received award &#8220;The best service 2017&#8221;<\/span><br \/>\nQuisque bibendum ipsum sed varius placerat. Sed eu ligula vestibulum, sagittis lectus ac, pellentesque mi..<\/p>\n\n<p><\/div><\/div><\/div><\/div><div class=\"cq-menu-square\">\n                            <span class=\"value\"><\/span>\n                            <span class=\"cq-menu-line\"><\/span>\n                            <span class=\"cq-menu-line\"><\/span>\n                            <span class=\"cq-menu-line\"><\/span>\n                      <\/div><\/div><\/div><div class=\"cq-barcontainer\"><div class=\"cq-highlight-container text\"><span class=\"cq-highlight-label\">1997<\/span><\/div><div class=\"cq-highlight-container text\"><span class=\"cq-highlight-label\">2001<\/span><\/div><div class=\"cq-highlight-container text\"><span class=\"cq-highlight-label\">2007<\/span><\/div><div class=\"cq-highlight-container text\"><span class=\"cq-highlight-label\">2012<\/span><\/div><div class=\"cq-highlight-container text\"><span class=\"cq-highlight-label\">2017<\/span><\/div><\/div><\/div><\/div><div class=\"vc_empty_space  vc_custom_1488546580835 height_medium\"   style=\"height: 32px\"><span class=\"vc_empty_space_inner\"><\/span><\/div><\/div><\/div><\/div><\/div><div data-vc-full-width=\"true\" data-vc-full-width-init=\"false\" class=\"vc_row wpb_row vc_row-fluid vc_custom_1488529086409 vc_row-has-fill\"><div class=\"wpb_column vc_column_container vc_col-sm-12 sc_layouts_column_icons_position_left\"><div class=\"vc_column-inner\"><div class=\"wpb_wrapper\"><div class=\"vc_empty_space  height_large\"   style=\"height: 32px\"><span class=\"vc_empty_space_inner\"><\/span><\/div><\/div><\/div><\/div><\/div><div class=\"vc_row-full-width vc_clearfix\"><\/div><div data-vc-full-width=\"true\" data-vc-full-width-init=\"false\" class=\"vc_row wpb_row vc_row-fluid vc_custom_1487934430406 vc_row-has-fill\"><div class=\"wpb_column vc_column_container vc_col-sm-12 sc_layouts_column_icons_position_left\"><div class=\"vc_column-inner\"><div class=\"wpb_wrapper\"><div class=\"vc_empty_space  vc_custom_1488529187877 height_large\"   style=\"height: 32px\"><span class=\"vc_empty_space_inner\"><\/span><\/div><div class=\"sc_services sc_services_light\"><h6 class=\"sc_item_subtitle sc_services_subtitle sc_align_center sc_item_title_style_default\">Servi\u00e7os<\/h6><h3 class=\"sc_item_title sc_services_title sc_align_center sc_item_title_style_default\">D\u00ea ao seu tapete uma limpeza profunda<\/h3><div class=\"sc_services_columns sc_item_columns sc_item_columns_3 trx_addons_columns_wrap columns_padding_bottom\"><div class=\"trx_addons_column-1_3\"><div class=\"sc_services_item with_content with_image sc_services_item_featured_top\"><div class=\"sc_services_featured_container\">\n                    <div class=\"sc_services_item_content_wrap\"><div class=\"sc_services_item_content\"><p>Nossos servi\u00e7os de limpeza de estofados fornecem uma maneira segura e eficaz de remover sujeira e manchas dif\u00edceis de m\u00f3veis, sof\u00e1s e outros tecidos delicados.<\/p>\n<\/div><\/div>\n        \t<div class=\"post_featured with_thumb hover_dots sc_services_item_thumb\"><img decoding=\"async\" width=\"370\" height=\"222\" src=\"https:\/\/gilproclean.com\/wp-content\/uploads\/2022\/11\/Sofa_Couch_Upholstery_Toronto_GilPro_Clean_Service_05-370x222.jpeg\" class=\"attachment-carpetserv-thumb-services size-carpetserv-thumb-services wp-post-image\" alt=\"Sofas\" \/><div class=\"mask\"><\/div><a href=\"https:\/\/gilproclean.com\/pt\/services\/sofas\/\" aria-hidden=\"true\" class=\"icons\"><span><\/span><span><\/span><span><\/span><\/a><\/div><\/div>\n\t<div class=\"sc_services_item_info\">\n\t\t<div class=\"sc_services_item_header\">\n\t\t\t\t\t\t<h6 class=\"sc_services_item_title\"><a href=\"https:\/\/gilproclean.com\/pt\/services\/sofas\/\">Sof\u00e1s<\/a><\/h6>\n\t\t<\/div>\n\t<\/div>\n<\/div>\n<\/div><div class=\"trx_addons_column-1_3\"><div class=\"sc_services_item with_content with_image sc_services_item_featured_top\"><div class=\"sc_services_featured_container\">\n                    <div class=\"sc_services_item_content_wrap\"><div class=\"sc_services_item_content\"><p>Oferecemos os melhores servi\u00e7os de limpeza de carpetes e estofados que utilizam apenas as solu\u00e7\u00f5es de limpeza da mais alta qualidade e os equipamentos avan\u00e7ados mais recentes. <\/p>\n<\/div><\/div>\n        \t<div class=\"post_featured with_thumb hover_dots sc_services_item_thumb\"><img decoding=\"async\" width=\"370\" height=\"222\" src=\"https:\/\/gilproclean.com\/wp-content\/uploads\/2017\/02\/WhatsApp-Image-2023-02-07-at-12.46.58-PM-370x222.jpeg\" class=\"attachment-carpetserv-thumb-services size-carpetserv-thumb-services wp-post-image\" alt=\"Carpet Service\" \/><div class=\"mask\"><\/div><a href=\"https:\/\/gilproclean.com\/pt\/services\/carpet\/\" aria-hidden=\"true\" class=\"icons\"><span><\/span><span><\/span><span><\/span><\/a><\/div><\/div>\n\t<div class=\"sc_services_item_info\">\n\t\t<div class=\"sc_services_item_header\">\n\t\t\t\t\t\t<h6 class=\"sc_services_item_title\"><a href=\"https:\/\/gilproclean.com\/pt\/services\/carpet\/\">Servi\u00e7o de carpete<\/a><\/h6>\n\t\t<\/div>\n\t<\/div>\n<\/div>\n<\/div><div class=\"trx_addons_column-1_3\"><div class=\"sc_services_item with_content with_image sc_services_item_featured_top\"><div class=\"sc_services_featured_container\">\n                    <div class=\"sc_services_item_content_wrap\"><div class=\"sc_services_item_content\"><p>Nossos servi\u00e7os de limpeza de estofados fornecem uma maneira segura e eficaz de remover sujeira e manchas dif\u00edceis de m\u00f3veis, sof\u00e1s e outros tecidos delicados.<\/p>\n<\/div><\/div>\n        \t<div class=\"post_featured with_thumb hover_dots sc_services_item_thumb\"><img decoding=\"async\" width=\"370\" height=\"222\" src=\"https:\/\/gilproclean.com\/wp-content\/uploads\/2017\/02\/WhatsApp-Image-2023-02-07-at-12.48.48-PM-370x222.jpeg\" class=\"attachment-carpetserv-thumb-services size-carpetserv-thumb-services wp-post-image\" alt=\"Mattress\" \/><div class=\"mask\"><\/div><a href=\"https:\/\/gilproclean.com\/pt\/services\/mattress\/\" aria-hidden=\"true\" class=\"icons\"><span><\/span><span><\/span><span><\/span><\/a><\/div><\/div>\n\t<div class=\"sc_services_item_info\">\n\t\t<div class=\"sc_services_item_header\">\n\t\t\t\t\t\t<h6 class=\"sc_services_item_title\"><a href=\"https:\/\/gilproclean.com\/pt\/services\/mattress\/\">Colch\u00e3o<\/a><\/h6>\n\t\t<\/div>\n\t<\/div>\n<\/div>\n<\/div><\/div><div class=\"sc_item_button sc_item_button_default sc_services_button sc_align_center sc_button_wrap\"><a href=\"\/pt\/services-page\/\" id=\"sc_button_1163976070\" class=\"sc_button sc_button_default sc_button_size_normal sc_button_icon_left\"><span class=\"sc_button_text\"><span class=\"sc_button_title\">View More services<\/span><\/span><!-- \/.sc_button_text --><\/a><!-- \/.sc_button --><\/div><!-- \/.sc_item_button sc_item_button_default sc_services_button sc_align_center --><\/div><!-- \/.sc_services --><div class=\"vc_empty_space  vc_custom_1488530236736 height_large\"   style=\"height: 32px\"><span class=\"vc_empty_space_inner\"><\/span><\/div><\/div><\/div><\/div><\/div><div class=\"vc_row-full-width vc_clearfix\"><\/div><div data-vc-full-width=\"true\" data-vc-full-width-init=\"false\" class=\"vc_row wpb_row vc_row-fluid vc_custom_1488531302827 vc_row-has-fill\"><div class=\"wpb_column vc_column_container vc_col-sm-12 vc_col-md-7 sc_layouts_column_icons_position_left\"><div class=\"vc_column-inner\"><div class=\"wpb_wrapper\"><div class=\"vc_empty_space  vc_custom_1488462593692 height_huge\"   style=\"height: 32px\"><span class=\"vc_empty_space_inner\"><\/span><\/div><div class=\"vc_empty_space  height_large\"   style=\"height: 32px\"><span class=\"vc_empty_space_inner\"><\/span><\/div><div class=\"sc_testimonials sc_testimonials_default\"><div class=\"sc_testimonials_slider sc_item_slider\tslider_swiper_outer slider_outer_nocontrols slider_outer_pagination slider_outer_pagination_bullets slider_outer_pagination_pos_left slider_outer_one\">\r\n\t<div class=\"swiper-slider-container slider_swiper slider_noresize slider_nocontrols slider_pagination slider_pagination_bullets slider_pagination_pos_left slider_one\" data-slides-min-width=\"150\">\r\n\t\t<div class=\"slides swiper-wrapper sc_item_columns_1\"><div class=\"swiper-slide\"><div class=\"sc_testimonials_item\">\n\t<div class=\"sc_testimonials_item_content\"><p>Its the best company for clean my sofa,Thank you soooo much<\/p>\n<\/div>\n\t<div class=\"sc_testimonials_item_author\">\n\t\t\t\t<div class=\"sc_testimonials_item_author_data\">\n            <span class=\"sc_testimonials_item_author_subtitle\"><\/span> <h4 class=\"sc_testimonials_item_author_title\">Anuta Brik<\/h4>\n\t\t<\/div>\n\t<\/div>\n<\/div>\n<\/div><div class=\"swiper-slide\"><div class=\"sc_testimonials_item\">\n\t<div class=\"sc_testimonials_item_content\"><p>So professional! Had them in to clean my sofa and love seat, what a great job. The water in my building was unexpectedly turned off on the day of my appointment but they managed so well. Able to do the work exceptionally with no complaints and no extra charge for any inconvenience. Would highly recommend!<\/p>\n<\/div>\n\t<div class=\"sc_testimonials_item_author\">\n\t\t\t\t<div class=\"sc_testimonials_item_author_data\">\n            <span class=\"sc_testimonials_item_author_subtitle\"><\/span> <h4 class=\"sc_testimonials_item_author_title\">Liza Scott<\/h4>\n\t\t<\/div>\n\t<\/div>\n<\/div>\n<\/div><div class=\"swiper-slide\"><div class=\"sc_testimonials_item\">\n\t<div class=\"sc_testimonials_item_content\"><p>Got my carpet cleaned a couple days ago and they are visibly cleaner! We had really really tough stains and although it wasn&#8217;t completely removed, its definitely a lot lighter. The owner even called the next day to call and ask how our satisfaction was, which was really appreciated!<\/p>\n<\/div>\n\t<div class=\"sc_testimonials_item_author\">\n\t\t\t\t<div class=\"sc_testimonials_item_author_data\">\n            <span class=\"sc_testimonials_item_author_subtitle\"><\/span> <h4 class=\"sc_testimonials_item_author_title\">Miley Haran<\/h4>\n\t\t<\/div>\n\t<\/div>\n<\/div>\n<\/div><div class=\"swiper-slide\"><div class=\"sc_testimonials_item\">\n\t<div class=\"sc_testimonials_item_content\"><div dir=\"auto\">He was very efficient with his work, came early! Did a very thorough job the couch didn\u2019t look dirty but it was lol. Once he was done the couch looked and smelt brand new!!<\/div>\n<div dir=\"auto\">Thank you<\/div>\n<\/div>\n\t<div class=\"sc_testimonials_item_author\">\n\t\t\t\t<div class=\"sc_testimonials_item_author_data\">\n            <span class=\"sc_testimonials_item_author_subtitle\"><\/span> <h4 class=\"sc_testimonials_item_author_title\">Jazy Stein<\/h4>\n\t\t<\/div>\n\t<\/div>\n<\/div>\n<\/div><\/div><div class=\"slider_pagination_wrap swiper-pagination\"><\/div><\/div><\/div><div class=\"sc_item_button sc_item_button_default sc_testimonials_button sc_align_left sc_button_wrap\"><a href=\"\/pt\/about-us-style-1\/\" id=\"sc_button_1782207421\" class=\"sc_button sc_button_default sc_button_size_normal sc_button_icon_left\"><span class=\"sc_button_text\"><span class=\"sc_button_title\">See More Testimonials<\/span><\/span><!-- \/.sc_button_text --><\/a><!-- \/.sc_button --><\/div><!-- \/.sc_item_button sc_item_button_default sc_testimonials_button sc_align_left --><\/div><!-- \/.sc_testimonials --><div class=\"vc_empty_space  vc_custom_1488462409195 height_huge\"   style=\"height: 32px\"><span class=\"vc_empty_space_inner\"><\/span><\/div><div class=\"vc_empty_space  height_huge\"   style=\"height: 32px\"><span class=\"vc_empty_space_inner\"><\/span><\/div><\/div><\/div><\/div><\/div><div class=\"vc_row-full-width vc_clearfix\"><\/div><div class=\"vc_row wpb_row vc_row-fluid\"><div class=\"wpb_column vc_column_container vc_col-sm-12 sc_layouts_column_icons_position_left\"><div class=\"vc_column-inner\"><div class=\"wpb_wrapper\"><div class=\"vc_empty_space  height_large\"   style=\"height: 32px\"><span class=\"vc_empty_space_inner\"><\/span><\/div><div  id=\"sc_promo_1900824489\" \n\tclass=\"sc_promo sc_promo_default sc_promo_size_normal sc_promo_image_position_left\"><div class=\"sc_promo_image\" style=\"background-image:url(https:\/\/gilproclean.com\/wp-content\/uploads\/2017\/02\/promo_img.jpg);width:50%;left: 0;\"><\/div><div class=\"sc_promo_text\" style=\"width: 50%;float: right;\">\n\t\t\t<div class=\"sc_promo_text_inner sc_align_left\" style=\"\"><h6 class=\"sc_item_subtitle sc_promo_subtitle sc_align_left sc_item_title_style_default\">Customer Satisfaction<\/h6><h2 class=\"sc_item_title sc_promo_title sc_align_left sc_item_title_style_default sc_item_title_tag\">Our Quality<\/h2><div class=\"sc_item_descr sc_promo_descr sc_align_left\">We believe that starting from scratch really helped us to take time to establish exactly what you, the client, really need when calling out a carpet and upholstery cleaning technician. We guarantee our prices and the quality of our services.<\/div><div class=\"sc_item_button sc_item_button_default sc_promo_button sc_align_left sc_button_wrap\"><a href=\"\/pt\/appointments\/\" id=\"sc_button_1141462176\" class=\"sc_button sc_button_default sc_button_size_normal sc_button_icon_left\"><span class=\"sc_button_text\"><span class=\"sc_button_title\">book online<\/span><\/span><!-- \/.sc_button_text --><\/a><!-- \/.sc_button --><\/div><!-- \/.sc_item_button sc_item_button_default sc_promo_button sc_align_left --><div class=\"sc_item_button\"><a class=\"sc_promo_link3 sc_button sc_button_default sc_button_size_normal sc_button_icon_left\" href=\"\/pt\/services-page\/\"><span class=\"sc_button_text\"><span>view prices<\/span><\/span><\/a><\/div><\/div>\n\t\t<\/div><!-- \/.sc_promo_text --><\/div><!-- \/.sc_promo --><div class=\"vc_empty_space  height_tiny\"   style=\"height: 32px\"><span class=\"vc_empty_space_inner\"><\/span><\/div><\/div><\/div><\/div><\/div>","protected":false},"excerpt":{"rendered":"He was very efficient with his work, came early! Did a very thorough job the couch didn\u2019t look dirty but it was lol. Once he was done the couch looked and smelt brand new!! Thank you","protected":false},"author":1,"featured_media":0,"parent":0,"menu_order":0,"comment_status":"closed","ping_status":"closed","template":"","meta":{"om_disable_all_campaigns":false,"_monsterinsights_skip_tracking":false,"_monsterinsights_sitenote_active":false,"_monsterinsights_sitenote_note":"","_monsterinsights_sitenote_category":0,"footnotes":""},"class_list":["post-86","page","type-page","status-publish","hentry"],"yoast_head":"<!-- This site is optimized with the Yoast SEO plugin v26.8 - https:\/\/yoast.com\/product\/yoast-seo-wordpress\/ -->\n<title>About Us Style 1 - Best Cleaning Services - Toronto GTA Carpet Sofas Mattress Upholstery Tile &amp; Grout<\/title>\n<meta name=\"robots\" content=\"index, follow, max-snippet:-1, max-image-preview:large, max-video-preview:-1\" \/>\n<link rel=\"canonical\" href=\"https:\/\/gilproclean.com\/pt\/about-us-style-1\/\" \/>\n<meta property=\"og:locale\" content=\"pt_BR\" \/>\n<meta property=\"og:type\" content=\"article\" \/>\n<meta property=\"og:title\" content=\"About Us Style 1 - Best Cleaning Services - Toronto GTA Carpet Sofas Mattress Upholstery Tile &amp; Grout\" \/>\n<meta property=\"og:url\" content=\"https:\/\/gilproclean.com\/pt\/about-us-style-1\/\" \/>\n<meta property=\"og:site_name\" content=\"Best Cleaning Services - Toronto GTA Carpet Sofas Mattress Upholstery Tile &amp; Grout\" \/>\n<meta property=\"article:publisher\" content=\"https:\/\/www.facebook.com\/gilproclean\" \/>\n<meta property=\"article:modified_time\" content=\"2017-03-04T13:05:43+00:00\" \/>\n<meta name=\"twitter:card\" content=\"summary_large_image\" \/>\n<meta name=\"twitter:label1\" content=\"Est. tempo de leitura\" \/>\n\t<meta name=\"twitter:data1\" content=\"3 minutos\" \/>\n<script type=\"application\/ld+json\" class=\"yoast-schema-graph\">{\"@context\":\"https:\/\/schema.org\",\"@graph\":[{\"@type\":\"WebPage\",\"@id\":\"https:\/\/gilproclean.com\/about-us-style-1\/\",\"url\":\"https:\/\/gilproclean.com\/about-us-style-1\/\",\"name\":\"About Us Style 1 - Best Cleaning Services - Toronto GTA Carpet Sofas Mattress Upholstery Tile &amp; Grout\",\"isPartOf\":{\"@id\":\"https:\/\/gilproclean.com\/#website\"},\"datePublished\":\"2017-02-06T09:28:06+00:00\",\"dateModified\":\"2017-03-04T13:05:43+00:00\",\"breadcrumb\":{\"@id\":\"https:\/\/gilproclean.com\/about-us-style-1\/#breadcrumb\"},\"inLanguage\":\"pt-BR\",\"potentialAction\":[{\"@type\":\"ReadAction\",\"target\":[\"https:\/\/gilproclean.com\/about-us-style-1\/\"]}]},{\"@type\":\"BreadcrumbList\",\"@id\":\"https:\/\/gilproclean.com\/about-us-style-1\/#breadcrumb\",\"itemListElement\":[{\"@type\":\"ListItem\",\"position\":1,\"name\":\"Home\",\"item\":\"https:\/\/gilproclean.com\/\"},{\"@type\":\"ListItem\",\"position\":2,\"name\":\"About Us Style 1\"}]},{\"@type\":\"WebSite\",\"@id\":\"https:\/\/gilproclean.com\/#website\",\"url\":\"https:\/\/gilproclean.com\/\",\"name\":\"Toronto Cleaning Services - Carpet Sofas Mattress Upholstery Tile Grout\",\"description\":\"Best Cleaning Services - Toronto GTA Carpet Sofas Mattress Upholstery Tile &amp; Grout\",\"publisher\":{\"@id\":\"https:\/\/gilproclean.com\/#organization\"},\"potentialAction\":[{\"@type\":\"SearchAction\",\"target\":{\"@type\":\"EntryPoint\",\"urlTemplate\":\"https:\/\/gilproclean.com\/?s={search_term_string}\"},\"query-input\":{\"@type\":\"PropertyValueSpecification\",\"valueRequired\":true,\"valueName\":\"search_term_string\"}}],\"inLanguage\":\"pt-BR\"},{\"@type\":\"Organization\",\"@id\":\"https:\/\/gilproclean.com\/#organization\",\"name\":\"Toronto Cleaning Services - Carpet Sofas Mattress Upholstery Tile Grout\",\"url\":\"https:\/\/gilproclean.com\/\",\"logo\":{\"@type\":\"ImageObject\",\"inLanguage\":\"pt-BR\",\"@id\":\"https:\/\/gilproclean.com\/#\/schema\/logo\/image\/\",\"url\":\"https:\/\/gilproclean.com\/wp-content\/uploads\/2022\/11\/GilProCleanLogo.png\",\"contentUrl\":\"https:\/\/gilproclean.com\/wp-content\/uploads\/2022\/11\/GilProCleanLogo.png\",\"width\":512,\"height\":512,\"caption\":\"Toronto Cleaning Services - Carpet Sofas Mattress Upholstery Tile Grout\"},\"image\":{\"@id\":\"https:\/\/gilproclean.com\/#\/schema\/logo\/image\/\"},\"sameAs\":[\"https:\/\/www.facebook.com\/gilproclean\",\"https:\/\/www.instagram.com\/gilproclean\/\",\"https:\/\/www.youtube.com\/channel\/UCdLh5pCfFoDxC85x_xOVNdw\"]}]}<\/script>\n<!-- \/ Yoast SEO plugin. -->","yoast_head_json":{"title":"About Us Style 1 - Best Cleaning Services - Toronto GTA Carpet Sofas Mattress Upholstery Tile &amp; Grout","robots":{"index":"index","follow":"follow","max-snippet":"max-snippet:-1","max-image-preview":"max-image-preview:large","max-video-preview":"max-video-preview:-1"},"canonical":"https:\/\/gilproclean.com\/pt\/about-us-style-1\/","og_locale":"pt_BR","og_type":"article","og_title":"About Us Style 1 - Best Cleaning Services - Toronto GTA Carpet Sofas Mattress Upholstery Tile &amp; Grout","og_url":"https:\/\/gilproclean.com\/pt\/about-us-style-1\/","og_site_name":"Best Cleaning Services - Toronto GTA Carpet Sofas Mattress Upholstery Tile &amp; Grout","article_publisher":"https:\/\/www.facebook.com\/gilproclean","article_modified_time":"2017-03-04T13:05:43+00:00","twitter_card":"summary_large_image","twitter_misc":{"Est. tempo de leitura":"3 minutos"},"schema":{"@context":"https:\/\/schema.org","@graph":[{"@type":"WebPage","@id":"https:\/\/gilproclean.com\/about-us-style-1\/","url":"https:\/\/gilproclean.com\/about-us-style-1\/","name":"About Us Style 1 - Best Cleaning Services - Toronto GTA Carpet Sofas Mattress Upholstery Tile &amp; Grout","isPartOf":{"@id":"https:\/\/gilproclean.com\/#website"},"datePublished":"2017-02-06T09:28:06+00:00","dateModified":"2017-03-04T13:05:43+00:00","breadcrumb":{"@id":"https:\/\/gilproclean.com\/about-us-style-1\/#breadcrumb"},"inLanguage":"pt-BR","potentialAction":[{"@type":"ReadAction","target":["https:\/\/gilproclean.com\/about-us-style-1\/"]}]},{"@type":"BreadcrumbList","@id":"https:\/\/gilproclean.com\/about-us-style-1\/#breadcrumb","itemListElement":[{"@type":"ListItem","position":1,"name":"Home","item":"https:\/\/gilproclean.com\/"},{"@type":"ListItem","position":2,"name":"About Us Style 1"}]},{"@type":"WebSite","@id":"https:\/\/gilproclean.com\/#website","url":"https:\/\/gilproclean.com\/","name":"Toronto Cleaning Services - Carpet Sofas Mattress Upholstery Tile Grout","description":"Melhor Servi\u00e7os de Limpeza - Toronto GTA Tapete Sof\u00e1s Colch\u00e3o Estofamento Ladrilho e Argamassa","publisher":{"@id":"https:\/\/gilproclean.com\/#organization"},"potentialAction":[{"@type":"SearchAction","target":{"@type":"EntryPoint","urlTemplate":"https:\/\/gilproclean.com\/?s={search_term_string}"},"query-input":{"@type":"PropertyValueSpecification","valueRequired":true,"valueName":"search_term_string"}}],"inLanguage":"pt-BR"},{"@type":"Organization","@id":"https:\/\/gilproclean.com\/#organization","name":"Toronto Cleaning Services - Carpet Sofas Mattress Upholstery Tile Grout","url":"https:\/\/gilproclean.com\/","logo":{"@type":"ImageObject","inLanguage":"pt-BR","@id":"https:\/\/gilproclean.com\/#\/schema\/logo\/image\/","url":"https:\/\/gilproclean.com\/wp-content\/uploads\/2022\/11\/GilProCleanLogo.png","contentUrl":"https:\/\/gilproclean.com\/wp-content\/uploads\/2022\/11\/GilProCleanLogo.png","width":512,"height":512,"caption":"Toronto Cleaning Services - Carpet Sofas Mattress Upholstery Tile Grout"},"image":{"@id":"https:\/\/gilproclean.com\/#\/schema\/logo\/image\/"},"sameAs":["https:\/\/www.facebook.com\/gilproclean","https:\/\/www.instagram.com\/gilproclean\/","https:\/\/www.youtube.com\/channel\/UCdLh5pCfFoDxC85x_xOVNdw"]}]}},"_links":{"self":[{"href":"https:\/\/gilproclean.com\/pt\/wp-json\/wp\/v2\/pages\/86","targetHints":{"allow":["GET"]}}],"collection":[{"href":"https:\/\/gilproclean.com\/pt\/wp-json\/wp\/v2\/pages"}],"about":[{"href":"https:\/\/gilproclean.com\/pt\/wp-json\/wp\/v2\/types\/page"}],"author":[{"embeddable":true,"href":"https:\/\/gilproclean.com\/pt\/wp-json\/wp\/v2\/users\/1"}],"replies":[{"embeddable":true,"href":"https:\/\/gilproclean.com\/pt\/wp-json\/wp\/v2\/comments?post=86"}],"version-history":[{"count":0,"href":"https:\/\/gilproclean.com\/pt\/wp-json\/wp\/v2\/pages\/86\/revisions"}],"wp:attachment":[{"href":"https:\/\/gilproclean.com\/pt\/wp-json\/wp\/v2\/media?parent=86"}],"curies":[{"name":"wp","href":"https:\/\/api.w.org\/{rel}","templated":true}]}}